{"id":29,"date":"2009-07-10T09:45:27","date_gmt":"2009-07-10T08:45:27","guid":{"rendered":"http:\/\/olivenoelblog.de\/?page_id=29"},"modified":"2010-01-06T20:03:26","modified_gmt":"2010-01-06T19:03:26","slug":"videos","status":"publish","type":"page","link":"http:\/\/olivenoelblog.de\/?page_id=29","title":{"rendered":"Videos"},"content":{"rendered":"<p style=\"text-align: justify;\">Der Koch Jean-Claude Bourgueil \u00fcber Oliven\u00f6l. Er wurde bereits viele Jahre mit 3 Michelin Sternen ausgezeichnet und z\u00e4hlt zu den besten K\u00f6chen der Welt. Hier vergleicht er die Ernte aus dem Vorjahr mit der neuen Ernte in seinem Gourmet-Restaurant &#8222;Im Schiffchen&#8220; in D\u00fcsseldorf.<\/p>\n<p><object style=\"width: 425px; height: 350px;\" classid=\"clsid:d27cdb6e-ae6d-11cf-96b8-444553540000\" width=\"425\" height=\"350\" codebase=\"http:\/\/download.macromedia.com\/pub\/shockwave\/cabs\/flash\/swflash.cab#version=6,0,40,0\"><param name=\"src\" value=\"http:\/\/www.youtube.com\/v\/HqDMicpRUps\" \/><param name=\"align\" value=\"left\" \/><embed style=\"width: 425px; height: 350px;\" type=\"application\/x-shockwave-flash\" width=\"425\" height=\"350\" src=\"http:\/\/www.youtube.com\/v\/HqDMicpRUps\" align=\"left\"><\/embed><\/object><\/p>\n","protected":false},"excerpt":{"rendered":"<p>Der Koch Jean-Claude Bourgueil \u00fcber Oliven\u00f6l. Er wurde bereits viele Jahre mit 3 Michelin Sternen ausgezeichnet und z\u00e4hlt zu den besten K\u00f6chen der Welt. Hier vergleicht er die Ernte aus dem Vorjahr mit der neuen Ernte in seinem Gourmet-Restaurant &#8222;Im Schiffchen&#8220; in D\u00fcsseldorf.<\/p>\n","protected":false},"author":1,"featured_media":0,"parent":0,"menu_order":0,"comment_status":"open","ping_status":"open","template":"","meta":{"ngg_post_thumbnail":0,"footnotes":""},"class_list":["post-29","page","type-page","status-publish","hentry"],"_links":{"self":[{"href":"http:\/\/olivenoelblog.de\/index.php?rest_route=\/wp\/v2\/pages\/29","targetHints":{"allow":["GET"]}}],"collection":[{"href":"http:\/\/olivenoelblog.de\/index.php?rest_route=\/wp\/v2\/pages"}],"about":[{"href":"http:\/\/olivenoelblog.de\/index.php?rest_route=\/wp\/v2\/types\/page"}],"author":[{"embeddable":true,"href":"http:\/\/olivenoelblog.de\/index.php?rest_route=\/wp\/v2\/users\/1"}],"replies":[{"embeddable":true,"href":"http:\/\/olivenoelblog.de\/index.php?rest_route=%2Fwp%2Fv2%2Fcomments&post=29"}],"version-history":[{"count":17,"href":"http:\/\/olivenoelblog.de\/index.php?rest_route=\/wp\/v2\/pages\/29\/revisions"}],"predecessor-version":[{"id":96,"href":"http:\/\/olivenoelblog.de\/index.php?rest_route=\/wp\/v2\/pages\/29\/revisions\/96"}],"wp:attachment":[{"href":"http:\/\/olivenoelblog.de\/index.php?rest_route=%2Fwp%2Fv2%2Fmedia&parent=29"}],"curies":[{"name":"wp","href":"https:\/\/api.w.org\/{rel}","templated":true}]}}